{"id":3989,"date":"2021-12-13T03:43:13","date_gmt":"2021-12-13T03:43:13","guid":{"rendered":"https:\/\/stavagran-staging.tokig.site\/about-us\/"},"modified":"2022-03-17T11:02:54","modified_gmt":"2022-03-17T11:02:54","slug":"about-us","status":"publish","type":"page","link":"https:\/\/stavagran.com\/en\/about-us\/","title":{"rendered":"About us"},"content":{"rendered":"\t\t<div data-elementor-type=\"wp-post\" data-elementor-id=\"3989\" class=\"elementor elementor-3989\">\n\t\t\t\t\t\t<section class=\"elementor-section elementor-top-section elementor-element elementor-element-327f71b9 elementor-reverse-tablet elementor-reverse-mobile elementor-section-boxed elementor-section-height-default elementor-section-height-default\" data-id=\"327f71b9\" data-element_type=\"section\" data-e-type=\"section\" data-settings=\"{&quot;background_background&quot;:&quot;classic&quot;}\">\n\t\t\t\t\t\t<div class=\"elementor-container elementor-column-gap-default\">\n\t\t\t\t\t<div class=\"elementor-column elementor-col-50 elementor-top-column elementor-element elementor-element-313cb6a5\" data-id=\"313cb6a5\" data-element_type=\"column\" data-e-type=\"column\">\n\t\t\t<div class=\"elementor-widget-wrap elementor-element-populated\">\n\t\t\t\t\t\t<div class=\"elementor-element elementor-element-6da5e813 elementor-widget elementor-widget-heading\" data-id=\"6da5e813\" data-element_type=\"widget\" data-e-type=\"widget\" data-widget_type=\"heading.default\">\n\t\t\t\t<div class=\"elementor-widget-container\">\n\t\t\t\t\t<h2 class=\"elementor-heading-title elementor-size-default\">\nAbout Stavagran- the company and the raw material<\/h2>\t\t\t\t<\/div>\n\t\t\t\t<\/div>\n\t\t\t\t<div class=\"elementor-element elementor-element-6fce4036 elementor-widget elementor-widget-text-editor\" data-id=\"6fce4036\" data-element_type=\"widget\" data-e-type=\"widget\" data-widget_type=\"text-editor.default\">\n\t\t\t\t<div class=\"elementor-widget-container\">\n\t\t\t\t\t\t\t\t\t<p>Stavagran AB was started in 2000 by Eva and Anders Stjernstr\u00f6m. The company is located in Sik\u00e5s, a village 70 km north of \u00d6stersund. The business is located in Sik\u00e5s, a village.<\/p><p>Stavagran AB is a manufacturer of wooden poles for various purposes, for instance stockfish and tents. Extremely tight growth rings and small as well as few knots imply a strong material, which does not easily crack and does not have to be treated with chemicals. We provide ecological poles, without poison, which do not have a negative impact on animals and nature.<br \/><br \/><strong>Our products are durable, strong and free from poison!<\/strong><\/p>\t\t\t\t\t\t\t\t<\/div>\n\t\t\t\t<\/div>\n\t\t\t\t\t<\/div>\n\t\t<\/div>\n\t\t\t\t<div class=\"elementor-column elementor-col-50 elementor-top-column elementor-element elementor-element-46890964\" data-id=\"46890964\" data-element_type=\"column\" data-e-type=\"column\">\n\t\t\t<div class=\"elementor-widget-wrap elementor-element-populated\">\n\t\t\t\t\t\t<div class=\"elementor-element elementor-element-4b5e3d59 elementor-widget elementor-widget-image\" data-id=\"4b5e3d59\" data-element_type=\"widget\" data-e-type=\"widget\" data-widget_type=\"image.default\">\n\t\t\t\t<div class=\"elementor-widget-container\">\n\t\t\t\t\t\t\t\t\t\t\t\t\t\t\t<img fetchpriority=\"high\" decoding=\"async\" width=\"640\" height=\"480\" src=\"https:\/\/stavagran.com\/wp-content\/uploads\/2022\/01\/stavagran_verksamheten.jpg\" class=\"attachment-full size-full wp-image-4705\" alt=\"\" srcset=\"https:\/\/stavagran.com\/wp-content\/uploads\/2022\/01\/stavagran_verksamheten.jpg 640w, https:\/\/stavagran.com\/wp-content\/uploads\/2022\/01\/stavagran_verksamheten-300x225.jpg 300w, https:\/\/stavagran.com\/wp-content\/uploads\/2022\/01\/stavagran_verksamheten-500x375.jpg 500w\" sizes=\"(max-width: 640px) 100vw, 640px\" \/>\t\t\t\t\t\t\t\t\t\t\t\t\t\t\t<\/div>\n\t\t\t\t<\/div>\n\t\t\t\t\t<\/div>\n\t\t<\/div>\n\t\t\t\t\t<\/div>\n\t\t<\/section>\n\t\t\t\t<section class=\"elementor-section elementor-top-section elementor-element elementor-element-7bdce0f elementor-section-boxed elementor-section-height-default elementor-section-height-default\" data-id=\"7bdce0f\" data-element_type=\"section\" data-e-type=\"section\" data-settings=\"{&quot;background_background&quot;:&quot;classic&quot;}\">\n\t\t\t\t\t\t<div class=\"elementor-container elementor-column-gap-default\">\n\t\t\t\t\t<div class=\"elementor-column elementor-col-50 elementor-top-column elementor-element elementor-element-bab1a67\" data-id=\"bab1a67\" data-element_type=\"column\" data-e-type=\"column\">\n\t\t\t<div class=\"elementor-widget-wrap elementor-element-populated\">\n\t\t\t\t\t\t<div class=\"elementor-element elementor-element-ff6f7e4 elementor-widget elementor-widget-image\" data-id=\"ff6f7e4\" data-element_type=\"widget\" data-e-type=\"widget\" data-widget_type=\"image.default\">\n\t\t\t\t<div class=\"elementor-widget-container\">\n\t\t\t\t\t\t\t\t\t\t\t\t\t\t\t<img decoding=\"async\" width=\"640\" height=\"480\" src=\"https:\/\/stavagran.com\/wp-content\/uploads\/2022\/01\/stavagranskog.jpg\" class=\"attachment-full size-full wp-image-4700\" alt=\"\" srcset=\"https:\/\/stavagran.com\/wp-content\/uploads\/2022\/01\/stavagranskog.jpg 640w, https:\/\/stavagran.com\/wp-content\/uploads\/2022\/01\/stavagranskog-300x225.jpg 300w, https:\/\/stavagran.com\/wp-content\/uploads\/2022\/01\/stavagranskog-500x375.jpg 500w\" sizes=\"(max-width: 640px) 100vw, 640px\" \/>\t\t\t\t\t\t\t\t\t\t\t\t\t\t\t<\/div>\n\t\t\t\t<\/div>\n\t\t\t\t\t<\/div>\n\t\t<\/div>\n\t\t\t\t<div class=\"elementor-column elementor-col-50 elementor-top-column elementor-element elementor-element-e642907\" data-id=\"e642907\" data-element_type=\"column\" data-e-type=\"column\">\n\t\t\t<div class=\"elementor-widget-wrap elementor-element-populated\">\n\t\t\t\t\t\t<div class=\"elementor-element elementor-element-e4c400f elementor-widget elementor-widget-heading\" data-id=\"e4c400f\" data-element_type=\"widget\" data-e-type=\"widget\" data-widget_type=\"heading.default\">\n\t\t\t\t<div class=\"elementor-widget-container\">\n\t\t\t\t\t<h2 class=\"elementor-heading-title elementor-size-default\">The raw material<\/h2>\t\t\t\t<\/div>\n\t\t\t\t<\/div>\n\t\t\t\t<div class=\"elementor-element elementor-element-65fd38c elementor-widget elementor-widget-text-editor\" data-id=\"65fd38c\" data-element_type=\"widget\" data-e-type=\"widget\" data-widget_type=\"text-editor.default\">\n\t\t\t\t<div class=\"elementor-widget-container\">\n\t\t\t\t\t\t\t\t\t<p>Stavagran is the J\u00e4mtland word for really slow-grown spruce that has developed slowly. The spruces are suppressed and have stood densely in the stands, which gives a wood with dense annual rings and small knots. The poles therefore have high strength, which is required for the products to be functional and safe for the end users. The slow-growing spruce is not impregnated.<\/p><p>We select areas that are particularly suitable for sourcing materials for our products. When it comes to certain products where straightness is especially important, we mark out the trees in the forest in advance.<br \/>The raw material comes both from forests where it has been harvested manually and from areas that have been machine harvested. The sourcing area for the stavagran timber is J\u00e4mtland forests, especially in the area around Sik\u00e5s.<\/p><p>When the wood is delivered in Sik\u00e5s, it is debarked and dried. The largest volume is air-dried during the period of the year when the conditions are optimal for this. Some products are further mechanically dried.<br \/>All poles are debarked. We have different machine lines, depending on the end-product as well as finishing required by our customers.<\/p>\t\t\t\t\t\t\t\t<\/div>\n\t\t\t\t<\/div>\n\t\t\t\t\t<\/div>\n\t\t<\/div>\n\t\t\t\t\t<\/div>\n\t\t<\/section>\n\t\t\t\t<section class=\"elementor-section elementor-top-section elementor-element elementor-element-829be72 elementor-section-boxed elementor-section-height-default elementor-section-height-default\" data-id=\"829be72\" data-element_type=\"section\" data-e-type=\"section\" data-settings=\"{&quot;background_background&quot;:&quot;classic&quot;}\">\n\t\t\t\t\t\t<div class=\"elementor-container elementor-column-gap-default\">\n\t\t\t\t\t<div class=\"elementor-column elementor-col-100 elementor-top-column elementor-element elementor-element-bd641d6\" data-id=\"bd641d6\" data-element_type=\"column\" data-e-type=\"column\">\n\t\t\t<div class=\"elementor-widget-wrap elementor-element-populated\">\n\t\t\t\t\t\t<div class=\"elementor-element elementor-element-b81c7b0 elementor-widget elementor-widget-heading\" data-id=\"b81c7b0\" data-element_type=\"widget\" data-e-type=\"widget\" data-widget_type=\"heading.default\">\n\t\t\t\t<div class=\"elementor-widget-container\">\n\t\t\t\t\t<h2 class=\"elementor-heading-title elementor-size-default\">Contact persons<\/h2>\t\t\t\t<\/div>\n\t\t\t\t<\/div>\n\t\t\t\t<div class=\"elementor-element elementor-element-dfcedbb eael-fg-card-content-align-left elementor-widget elementor-widget-eael-filterable-gallery\" data-id=\"dfcedbb\" data-element_type=\"widget\" data-e-type=\"widget\" data-settings=\"{&quot;photo_gallery&quot;:&quot;yes&quot;,&quot;pagination&quot;:&quot;false&quot;}\" data-widget_type=\"eael-filterable-gallery.default\">\n\t\t\t\t<div class=\"elementor-widget-container\">\n\t\t\t\t\t<style id=\"eael-fg-inline-css-dfcedbb\">@media only screen and (max-width: 2399px) {\n\t\t\t\t\t.elementor-element.elementor-element-dfcedbb .eael-filterable-gallery-item-wrap {\n\t\t\t\t\t        width: 50%;\n\t\t\t\t\t    }\n\t\t\t\t\t}@media only screen and (max-width: 1024px) {\n\t\t\t\t\t.elementor-element.elementor-element-dfcedbb  .eael-filterable-gallery-item-wrap {\n\t\t\t\t\t        width: 50%;\n\t\t\t\t\t    }\n\t\t\t\t\t}@media only screen and (max-width: 767px) {\n\t\t\t\t\t.elementor-element.elementor-element-dfcedbb  .eael-filterable-gallery-item-wrap {\n\t\t\t\t\t        width: 100%;\n\t\t\t\t\t    }\n\t\t\t\t\t}<\/style>        <div id=\"eael-filter-gallery-wrapper-dfcedbb\" class=\"eael-filter-gallery-wrapper\" data-layout-mode=\"card\" data-breakpoints=\"{&quot;mobile&quot;:{&quot;label&quot;:&quot;Mobile Portrait&quot;,&quot;value&quot;:767,&quot;default_value&quot;:767,&quot;direction&quot;:&quot;max&quot;,&quot;is_enabled&quot;:true},&quot;mobile_extra&quot;:{&quot;label&quot;:&quot;Mobile Landscape&quot;,&quot;value&quot;:880,&quot;default_value&quot;:880,&quot;direction&quot;:&quot;max&quot;,&quot;is_enabled&quot;:false},&quot;tablet&quot;:{&quot;label&quot;:&quot;Tablet Portrait&quot;,&quot;value&quot;:1024,&quot;default_value&quot;:1024,&quot;direction&quot;:&quot;max&quot;,&quot;is_enabled&quot;:true},&quot;tablet_extra&quot;:{&quot;label&quot;:&quot;Tablet Landscape&quot;,&quot;value&quot;:1200,&quot;default_value&quot;:1200,&quot;direction&quot;:&quot;max&quot;,&quot;is_enabled&quot;:false},&quot;laptop&quot;:{&quot;label&quot;:&quot;Laptop&quot;,&quot;value&quot;:1366,&quot;default_value&quot;:1366,&quot;direction&quot;:&quot;max&quot;,&quot;is_enabled&quot;:false},&quot;widescreen&quot;:{&quot;label&quot;:&quot;Widescreen&quot;,&quot;value&quot;:2400,&quot;default_value&quot;:2400,&quot;direction&quot;:&quot;min&quot;,&quot;is_enabled&quot;:false}}\" data-default_control_key=\"0\" data-custom_default_control=\"1\">\n                    <div class=\"eael-filter-gallery-container eael-filter-gallery-grid\" data-images-per-page=\"\" data-total-gallery-items=\"2\" data-nomore-item-text=\"\" data-is-randomize=\"no\" data-settings=\"{&quot;grid_style&quot;:&quot;grid&quot;,&quot;popup&quot;:&quot;none&quot;,&quot;duration&quot;:500,&quot;gallery_enabled&quot;:&quot;yes&quot;,&quot;video_gallery_yt_privacy&quot;:&quot;&quot;,&quot;control_all_text&quot;:null,&quot;post_id&quot;:3989,&quot;widget_id&quot;:&quot;dfcedbb&quot;}\" data-search-all=\"\" data-gallery-items=\"WyI8ZGl2IGNsYXNzPVwiZWFlbC1maWx0ZXJhYmxlLWdhbGxlcnktaXRlbS13cmFwXCI+XG5cdFx0XHRcdDxkaXYgY2xhc3M9XCJlYWVsLWdhbGxlcnktZ3JpZC1pdGVtXCI+PGRpdiBjbGFzcz1cImdhbGxlcnktaXRlbS10aHVtYm5haWwtd3JhcFwiPjxpbWcgd2lkdGg9XCIyNjdcIiBoZWlnaHQ9XCIyNzNcIiBzcmM9XCJodHRwczpcL1wvc3RhdmFncmFuLmNvbVwvd3AtY29udGVudFwvdXBsb2Fkc1wvMjAyMlwvMDFcL0FuZGVycy5wbmdcIiBjbGFzcz1cImF0dGFjaG1lbnQtbWVkaXVtIHNpemUtbWVkaXVtIHdwLWltYWdlLTQ3MzJcIiBhbHQ9XCJcIiBcLz48XC9kaXY+PGRpdiBjbGFzcz1cImdhbGxlcnktaXRlbS1jYXB0aW9uLXdyYXAgY2FwdGlvbi1zdHlsZS1jYXJkIFwiPjxkaXYgY2xhc3M9XCJnYWxsZXJ5LWl0ZW0tY2FwdGlvbi1vdmVyXCI+PGgyIGNsYXNzPVwiZmctaXRlbS10aXRsZVwiPkFuZGVycyBTdGplcm5zdHJcdTAwZjZtPFwvaDI+PGRpdiBjbGFzcz1cImZnLWl0ZW0tY29udGVudFwiPjxwPlRlbDogPHNwYW4gc3R5bGU9XCJjb2xvcjogI2ZmZmZmZlwiPjxhIHN0eWxlPVwiY29sb3I6ICNmZmZmZmZcIiBocmVmPVwidGVsOis0NjcwMzExMzMyMlwiPjA3MC0zMTEzMzIyPFwvYT48XC9zcGFuPjxiciBcLz5FLXBvc3Q6IDxzcGFuIHN0eWxlPVwiY29sb3I6ICNmZmZmZmZcIj48YSBzdHlsZT1cImNvbG9yOiAjZmZmZmZmXCIgaHJlZj1cIm1haWx0bzphbmRlcnNAc3RhdmFncmFuLmNvbVwiPmFuZGVyc0BzdGF2YWdyYW4uY29tPFwvYT48XC9zcGFuPjxcL3A+XG48XC9kaXY+PFwvZGl2PjxcL2Rpdj48XC9kaXY+PFwvZGl2PiIsIjxkaXYgY2xhc3M9XCJlYWVsLWZpbHRlcmFibGUtZ2FsbGVyeS1pdGVtLXdyYXBcIj5cblx0XHRcdFx0PGRpdiBjbGFzcz1cImVhZWwtZ2FsbGVyeS1ncmlkLWl0ZW1cIj48ZGl2IGNsYXNzPVwiZ2FsbGVyeS1pdGVtLXRodW1ibmFpbC13cmFwXCI+PGltZyB3aWR0aD1cIjI3NlwiIGhlaWdodD1cIjMwMFwiIHNyYz1cImh0dHBzOlwvXC9zdGF2YWdyYW4uY29tXC93cC1jb250ZW50XC91cGxvYWRzXC8yMDIyXC8wMVwvRXZhX2JpbGRfdmluZGtyYWZ0LTI3NngzMDAucG5nXCIgY2xhc3M9XCJhdHRhY2htZW50LW1lZGl1bSBzaXplLW1lZGl1bSB3cC1pbWFnZS00NzM3XCIgYWx0PVwiXCIgc3Jjc2V0PVwiaHR0cHM6XC9cL3N0YXZhZ3Jhbi5jb21cL3dwLWNvbnRlbnRcL3VwbG9hZHNcLzIwMjJcLzAxXC9FdmFfYmlsZF92aW5ka3JhZnQtMjc2eDMwMC5wbmcgMjc2dywgaHR0cHM6XC9cL3N0YXZhZ3Jhbi5jb21cL3dwLWNvbnRlbnRcL3VwbG9hZHNcLzIwMjJcLzAxXC9FdmFfYmlsZF92aW5ka3JhZnQucG5nIDM1MHdcIiBzaXplcz1cIihtYXgtd2lkdGg6IDI3NnB4KSAxMDB2dywgMjc2cHhcIiBcLz48XC9kaXY+PGRpdiBjbGFzcz1cImdhbGxlcnktaXRlbS1jYXB0aW9uLXdyYXAgY2FwdGlvbi1zdHlsZS1jYXJkIFwiPjxkaXYgY2xhc3M9XCJnYWxsZXJ5LWl0ZW0tY2FwdGlvbi1vdmVyXCI+PGgyIGNsYXNzPVwiZmctaXRlbS10aXRsZVwiPkV2YSBTdGplcm5zdHJcdTAwZjZtPFwvaDI+PGRpdiBjbGFzcz1cImZnLWl0ZW0tY29udGVudFwiPjxwPlRlbDogPHNwYW4gc3R5bGU9XCJjb2xvcjogI2ZmZmZmZlwiPjxhIHN0eWxlPVwiY29sb3I6ICNmZmZmZmZcIiBocmVmPVwidGVsOis0NjcwNTIyMzk3M1wiPjA3MC01MjIzOTczPFwvYT48XC9zcGFuPjxiciBcLz5FLXBvc3Q6IDxzcGFuIHN0eWxlPVwiY29sb3I6ICNmZmZmZmZcIj48YSBzdHlsZT1cImNvbG9yOiAjZmZmZmZmXCIgaHJlZj1cIm1haWx0bzpldmFAc3RhdmFncmFuLmNvbVwiPmV2YUBzdGF2YWdyYW4uY29tPFwvYT48XC9zcGFuPjxcL3A+XG48XC9kaXY+PFwvZGl2PjxcL2Rpdj48XC9kaXY+PFwvZGl2PiJd\" data-init-show=\"6\">\n            <div class=\"eael-filterable-gallery-item-wrap\">\n\t\t\t\t<div class=\"eael-gallery-grid-item\"><div class=\"gallery-item-thumbnail-wrap\"><img decoding=\"async\" width=\"267\" height=\"273\" src=\"https:\/\/stavagran.com\/wp-content\/uploads\/2022\/01\/Anders.png\" class=\"attachment-medium size-medium wp-image-4732\" alt=\"\" \/><\/div><div class=\"gallery-item-caption-wrap caption-style-card \"><div class=\"gallery-item-caption-over\"><h2 class=\"fg-item-title\">Anders Stjernstr\u00f6m<\/h2><div class=\"fg-item-content\"><p>Tel: <span style=\"color: #ffffff\"><a style=\"color: #ffffff\" href=\"tel:+46703113322\">070-3113322<\/a><\/span><br \/>E-post: <span style=\"color: #ffffff\"><a style=\"color: #ffffff\" href=\"mailto:anders@stavagran.com\">anders@stavagran.com<\/a><\/span><\/p>\n<\/div><\/div><\/div><\/div><\/div><div class=\"eael-filterable-gallery-item-wrap\">\n\t\t\t\t<div class=\"eael-gallery-grid-item\"><div class=\"gallery-item-thumbnail-wrap\"><img loading=\"lazy\" decoding=\"async\" width=\"276\" height=\"300\" src=\"https:\/\/stavagran.com\/wp-content\/uploads\/2022\/01\/Eva_bild_vindkraft-276x300.png\" class=\"attachment-medium size-medium wp-image-4737\" alt=\"\" srcset=\"https:\/\/stavagran.com\/wp-content\/uploads\/2022\/01\/Eva_bild_vindkraft-276x300.png 276w, https:\/\/stavagran.com\/wp-content\/uploads\/2022\/01\/Eva_bild_vindkraft.png 350w\" sizes=\"(max-width: 276px) 100vw, 276px\" \/><\/div><div class=\"gallery-item-caption-wrap caption-style-card \"><div class=\"gallery-item-caption-over\"><h2 class=\"fg-item-title\">Eva Stjernstr\u00f6m<\/h2><div class=\"fg-item-content\"><p>Tel: <span style=\"color: #ffffff\"><a style=\"color: #ffffff\" href=\"tel:+46705223973\">070-5223973<\/a><\/span><br \/>E-post: <span style=\"color: #ffffff\"><a style=\"color: #ffffff\" href=\"mailto:eva@stavagran.com\">eva@stavagran.com<\/a><\/span><\/p>\n<\/div><\/div><\/div><\/div><\/div>        <\/div>\n                <\/div>\n        \n        \t\t\t\t<\/div>\n\t\t\t\t<\/div>\n\t\t\t\t\t<\/div>\n\t\t<\/div>\n\t\t\t\t\t<\/div>\n\t\t<\/section>\n\t\t\t\t<\/div>\n\t\t","protected":false},"excerpt":{"rendered":"<p>About Stavagran- the company and the raw material Stavagran AB was started in 2000 by Eva and Anders Stjernstr\u00f6m. The company is located in Sik\u00e5s, a village 70 km north of \u00d6stersund. The business is located in Sik\u00e5s, a village. Stavagran AB is a manufacturer of wooden poles for various purposes, for instance stockfish and [&hellip;]<\/p>\n","protected":false},"author":1,"featured_media":0,"parent":0,"menu_order":0,"comment_status":"closed","ping_status":"closed","template":"","meta":{"site-sidebar-layout":"no-sidebar","site-content-layout":"page-builder","ast-site-content-layout":"default","site-content-style":"default","site-sidebar-style":"default","ast-global-header-display":"","ast-banner-title-visibility":"","ast-main-header-display":"","ast-hfb-above-header-display":"","ast-hfb-below-header-display":"","ast-hfb-mobile-header-display":"","site-post-title":"disabled","ast-breadcrumbs-content":"","ast-featured-img":"disabled","footer-sml-layout":"","ast-disable-related-posts":"","theme-transparent-header-meta":"enabled","adv-header-id-meta":"","stick-header-meta":"","header-above-stick-meta":"","header-main-stick-meta":"","header-below-stick-meta":"","astra-migrate-meta-layouts":"default","ast-page-background-enabled":"default","ast-page-background-meta":{"desktop":{"background-color":"","background-image":"","background-repeat":"repeat","background-position":"center center","background-size":"auto","background-attachment":"scroll","background-type":"","background-media":"","overlay-type":"","overlay-color":"","overlay-opacity":"","overlay-gradient":""},"tablet":{"background-color":"","background-image":"","background-repeat":"repeat","background-position":"center center","background-size":"auto","background-attachment":"scroll","background-type":"","background-media":"","overlay-type":"","overlay-color":"","overlay-opacity":"","overlay-gradient":""},"mobile":{"background-color":"","background-image":"","background-repeat":"repeat","background-position":"center center","background-size":"auto","background-attachment":"scroll","background-type":"","background-media":"","overlay-type":"","overlay-color":"","overlay-opacity":"","overlay-gradient":""}},"ast-content-background-meta":{"desktop":{"background-color":"var(--ast-global-color-5)","background-image":"","background-repeat":"repeat","background-position":"center center","background-size":"auto","background-attachment":"scroll","background-type":"","background-media":"","overlay-type":"","overlay-color":"","overlay-opacity":"","overlay-gradient":""},"tablet":{"background-color":"var(--ast-global-color-5)","background-image":"","background-repeat":"repeat","background-position":"center center","background-size":"auto","background-attachment":"scroll","background-type":"","background-media":"","overlay-type":"","overlay-color":"","overlay-opacity":"","overlay-gradient":""},"mobile":{"background-color":"var(--ast-global-color-5)","background-image":"","background-repeat":"repeat","background-position":"center center","background-size":"auto","background-attachment":"scroll","background-type":"","background-media":"","overlay-type":"","overlay-color":"","overlay-opacity":"","overlay-gradient":""}},"_vp_format_video_url":"","_vp_image_focal_point":[],"footnotes":""},"class_list":["post-3989","page","type-page","status-publish","hentry"],"_links":{"self":[{"href":"https:\/\/stavagran.com\/en\/wp-json\/wp\/v2\/pages\/3989","targetHints":{"allow":["GET"]}}],"collection":[{"href":"https:\/\/stavagran.com\/en\/wp-json\/wp\/v2\/pages"}],"about":[{"href":"https:\/\/stavagran.com\/en\/wp-json\/wp\/v2\/types\/page"}],"author":[{"embeddable":true,"href":"https:\/\/stavagran.com\/en\/wp-json\/wp\/v2\/users\/1"}],"replies":[{"embeddable":true,"href":"https:\/\/stavagran.com\/en\/wp-json\/wp\/v2\/comments?post=3989"}],"version-history":[{"count":5,"href":"https:\/\/stavagran.com\/en\/wp-json\/wp\/v2\/pages\/3989\/revisions"}],"predecessor-version":[{"id":6059,"href":"https:\/\/stavagran.com\/en\/wp-json\/wp\/v2\/pages\/3989\/revisions\/6059"}],"wp:attachment":[{"href":"https:\/\/stavagran.com\/en\/wp-json\/wp\/v2\/media?parent=3989"}],"curies":[{"name":"wp","href":"https:\/\/api.w.org\/{rel}","templated":true}]}}